{"id":1714,"date":"2024-05-04T18:26:04","date_gmt":"2024-05-04T21:26:04","guid":{"rendered":"https:\/\/ovitrampas.com.br\/?post_type=product&#038;p=1714"},"modified":"2026-02-27T19:19:42","modified_gmt":"2026-02-27T22:19:42","slug":"vaso-plastico-sem-furos","status":"publish","type":"product","link":"https:\/\/ovitrampas.com.br\/?product=vaso-plastico-sem-furos","title":{"rendered":"Kit 10 Recipientes"},"content":{"rendered":"<p><b>Recipiente Solar + Led Atrativo +<\/b><strong><span style=\"vertical-align: inherit;\"><span style=\"vertical-align: inherit;\">\u00a0QRcode<\/span><\/span><\/strong><\/p>\n<p><strong>Aplica\u00e7\u00e3o:<\/strong><br \/>\nArmadilha de Captura do mosquito Aedes Aegypti por ilumina\u00e7\u00e3o de LED + liquido atrativo.<\/p>\n<p><strong>Material:<\/strong><br \/>\nRecipiente em pl\u00e1stico transparente com tampa e al\u00e7a em metal + energia solar e ilumina\u00e7\u00e3o em LED azul.<\/p>\n<p><strong>Dimens\u00e3o:<\/strong><br \/>\nAltura: 11,8 cm<br \/>\nDi\u00e2metro: (boca) 9,2 cm<br \/>\nDi\u00e2metro fundo: 7,5 cm<br \/>\nMl: 600 ml<\/p>\n<p><strong>\u00c1rea Atendida:\u00a0<\/strong><br \/>\nCada Recipiente cobrira no m\u00e1ximo um di\u00e2metro de 50 mt.<\/p>\n<p><strong>Unidade de Venda:<\/strong><br \/>\nKit dispon\u00edvel em embalagem com <strong>10<\/strong> unidades<\/p>\n<p>&nbsp;<\/p>\n","protected":false},"excerpt":{"rendered":"<p><strong>Aplica\u00e7\u00e3o:<\/strong><br \/>\nArmadilha de Captura do mosquito Aedes Aegypti por ilumina\u00e7\u00e3o de LED + liquido atrativo.<br \/>\n<strong>Material:<\/strong><br \/>\nRecipiente em pl\u00e1stico transparente com tampa e al\u00e7a em metal + energia solar e ilumina\u00e7\u00e3o em LED azul.<br \/>\n<strong>\u00c1rea Atendida:\u00a0<\/strong><br \/>\nCada Recipiente cobrira no m\u00e1ximo um di\u00e2metro de 50 mt<\/p>\n","protected":false},"featured_media":1874,"comment_status":"open","ping_status":"closed","template":"","meta":[],"product_brand":[],"product_cat":[44],"product_tag":[],"class_list":{"0":"post-1714","1":"product","2":"type-product","3":"status-publish","4":"has-post-thumbnail","6":"product_cat-ovitrampas","8":"first","9":"instock","10":"shipping-taxable","11":"product-type-simple"},"_links":{"self":[{"href":"https:\/\/ovitrampas.com.br\/index.php?rest_route=\/wp\/v2\/product\/1714","targetHints":{"allow":["GET"]}}],"collection":[{"href":"https:\/\/ovitrampas.com.br\/index.php?rest_route=\/wp\/v2\/product"}],"about":[{"href":"https:\/\/ovitrampas.com.br\/index.php?rest_route=\/wp\/v2\/types\/product"}],"replies":[{"embeddable":true,"href":"https:\/\/ovitrampas.com.br\/index.php?rest_route=%2Fwp%2Fv2%2Fcomments&post=1714"}],"wp:featuredmedia":[{"embeddable":true,"href":"https:\/\/ovitrampas.com.br\/index.php?rest_route=\/wp\/v2\/media\/1874"}],"wp:attachment":[{"href":"https:\/\/ovitrampas.com.br\/index.php?rest_route=%2Fwp%2Fv2%2Fmedia&parent=1714"}],"wp:term":[{"taxonomy":"product_brand","embeddable":true,"href":"https:\/\/ovitrampas.com.br\/index.php?rest_route=%2Fwp%2Fv2%2Fproduct_brand&post=1714"},{"taxonomy":"product_cat","embeddable":true,"href":"https:\/\/ovitrampas.com.br\/index.php?rest_route=%2Fwp%2Fv2%2Fproduct_cat&post=1714"},{"taxonomy":"product_tag","embeddable":true,"href":"https:\/\/ovitrampas.com.br\/index.php?rest_route=%2Fwp%2Fv2%2Fproduct_tag&post=1714"}],"curies":[{"name":"wp","href":"https:\/\/api.w.org\/{rel}","templated":true}]}}